{"id":11734,"date":"2025-03-14T16:28:36","date_gmt":"2025-03-14T16:28:36","guid":{"rendered":"https:\/\/tech-pol.com\/whistleblowing\/"},"modified":"2025-10-06T12:15:13","modified_gmt":"2025-10-06T12:15:13","slug":"whistleblowing","status":"publish","type":"page","link":"https:\/\/tech-pol.com\/it\/whistleblowing\/","title":{"rendered":"Whistleblowing"},"content":{"rendered":"\t\t<div data-elementor-type=\"wp-page\" data-elementor-id=\"11734\" class=\"elementor elementor-11734 elementor-8954\" data-elementor-post-type=\"page\">\n\t\t\t\t\t\t<section class=\"elementor-section elementor-top-section elementor-element elementor-element-c338576 elementor-hidden-mobile elementor-section-boxed elementor-section-height-default elementor-section-height-default sc_fly_static\" data-id=\"c338576\" data-element_type=\"section\">\n\t\t\t\t\t\t<div class=\"elementor-container elementor-column-gap-extended\">\n\t\t\t\t\t<div class=\"elementor-column elementor-col-100 elementor-top-column elementor-element elementor-element-36afc20 sc_content_align_inherit sc_layouts_column_icons_position_left sc_fly_static\" data-id=\"36afc20\" data-element_type=\"column\">\n\t\t\t<div class=\"elementor-widget-wrap elementor-element-populated\">\n\t\t\t\t\t\t<div class=\"elementor-element elementor-element-9f36944 sc_height_huge sc_fly_static elementor-widget elementor-widget-spacer\" data-id=\"9f36944\" data-element_type=\"widget\" data-widget_type=\"spacer.default\">\n\t\t\t\t<div class=\"elementor-widget-container\">\n\t\t\t\t\t\t\t<div class=\"elementor-spacer\">\n\t\t\t<div class=\"elementor-spacer-inner\"><\/div>\n\t\t<\/div>\n\t\t\t\t\t\t<\/div>\n\t\t\t\t<\/div>\n\t\t\t\t\t<\/div>\n\t\t<\/div>\n\t\t\t\t\t<\/div>\n\t\t<\/section>\n\t\t\t\t<section class=\"elementor-section elementor-top-section elementor-element elementor-element-8ff17be elementor-section-content-middle elementor-reverse-mobile elementor-section-boxed elementor-section-height-default elementor-section-height-default sc_fly_static\" data-id=\"8ff17be\" data-element_type=\"section\">\n\t\t\t\t\t\t<div class=\"elementor-container elementor-column-gap-extended\">\n\t\t\t\t\t<div class=\"elementor-column elementor-col-100 elementor-top-column elementor-element elementor-element-602a6bd8 sc_content_align_inherit sc_layouts_column_icons_position_left sc_fly_static\" data-id=\"602a6bd8\" data-element_type=\"column\">\n\t\t\t<div class=\"elementor-widget-wrap elementor-element-populated\">\n\t\t\t\t\t\t<div data-animation-type=\"block\" class=\"elementor-element elementor-element-f0f29aa elementor-widget__width-inherit animation_type_block sc_fly_static elementor-invisible elementor-widget elementor-widget-trx_sc_title\" data-id=\"f0f29aa\" data-element_type=\"widget\" data-settings=\"{&quot;_animation&quot;:&quot;carz-fadein&quot;,&quot;_animation_delay&quot;:100}\" data-widget_type=\"trx_sc_title.default\">\n\t\t\t\t<div class=\"elementor-widget-container\">\n\t\t\t\t\t<div\t\tclass=\"sc_title color_style_link2 sc_title_default\" ><h1 class=\"sc_item_title sc_title_title sc_align_center sc_item_title_style_default sc_item_title_tag\"\n\t\t\t><span class=\"sc_item_title_text\">Whistleblowing<\/span><\/h1><\/div>\t\t\t\t<\/div>\n\t\t\t\t<\/div>\n\t\t\t\t<div class=\"elementor-element elementor-element-b1c77ff sc_fly_static elementor-widget elementor-widget-spacer\" data-id=\"b1c77ff\" data-element_type=\"widget\" data-widget_type=\"spacer.default\">\n\t\t\t\t<div class=\"elementor-widget-container\">\n\t\t\t\t\t\t\t<div class=\"elementor-spacer\">\n\t\t\t<div class=\"elementor-spacer-inner\"><\/div>\n\t\t<\/div>\n\t\t\t\t\t\t<\/div>\n\t\t\t\t<\/div>\n\t\t\t\t<div data-animation-type=\"block\" class=\"elementor-element elementor-element-9af76d4 elementor-widget__width-inherit animation_type_block sc_fly_static elementor-invisible elementor-widget elementor-widget-text-editor\" data-id=\"9af76d4\" data-element_type=\"widget\" data-settings=\"{&quot;_animation&quot;:&quot;carz-fadein&quot;,&quot;_animation_delay&quot;:100}\" data-widget_type=\"text-editor.default\">\n\t\t\t\t<div class=\"elementor-widget-container\">\n\t\t\t\t\t\t\t\t\t<h5 data-start=\"19\" data-end=\"271\"><strong data-start=\"19\" data-end=\"44\">Gestione dei rapporti<\/strong><\/h5><p data-start=\"19\" data-end=\"271\">Assicuriamo il ricevimento, la gestione, l&#8217;analisi e il trattamento delle segnalazioni, anche anonime, in conformit\u00e0 alle disposizioni della Direttiva (UE) 2019\/1937 e della relativa legge di recepimento, il Decreto Legislativo n. 24\/2023.<\/p><h5 data-start=\"273\" data-end=\"288\"><strong>Definizione<\/strong><\/h5><p data-start=\"289\" data-end=\"509\">Il termine \u201cWhistleblower\u201d si riferisce a un soggetto che segnala agli organi competenti autorizzati a intervenire violazioni, irregolarit\u00e0 o atti illeciti commessi a danno dell&#8217;interesse pubblico e aziendale.<\/p><p data-start=\"511\" data-end=\"870\">In particolare, le violazioni che possono essere segnalate ai sensi del D.Lgs. n. 24\/2023, noto come \u201cDecreto Whistleblowing\u201d, devono riguardare comportamenti, atti od omissioni lesivi dell&#8217;interesse pubblico o dell&#8217;integrit\u00e0 dell&#8217;azienda, di cui il segnalante sia venuto a conoscenza nell&#8217;ambito lavorativo, ai sensi dell&#8217;art. 3, comma 2, lettera b), e cio\u00e8:<\/p><ol data-start=\"872\" data-end=\"1212\"><li data-start=\"872\" data-end=\"1028\">Condotte illecite rilevanti ai sensi del Decreto Legislativo 8 giugno 2001, n. 231, o violazioni dei modelli di organizzazione e gestione ivi previsti;<\/li><li data-start=\"1029\" data-end=\"1212\">Violazioni della legislazione dell&#8217;UE (ad esempio, sicurezza dei trasporti, protezione dell&#8217;ambiente, protezione dei consumatori, privacy e protezione dei dati personali, sicurezza delle reti e dei sistemi informativi, ecc.)<\/li><\/ol><p data-start=\"1214\" data-end=\"1420\">In questo contesto, la segnalazione (il cosiddetto \u201cWhistleblowing\u201d) \u00e8 un atto di responsabilit\u00e0 civica, attraverso il quale il whistleblower contribuisce all&#8217;identificazione e alla prevenzione di rischi e situazioni dannose.<\/p><h5 data-start=\"1422\" data-end=\"1434\"><strong>Scopo<\/strong><\/h5><p data-start=\"1435\" data-end=\"1534\">Lo scopo principale del whistleblowing \u00e8 quello di prevenire o risolvere un problema internamente e tempestivamente.<\/p><p data-start=\"1536\" data-end=\"1758\">\u00c8 garantita la massima riservatezza sulle persone e sui fatti segnalati, nonch\u00e9 sull&#8217;identit\u00e0 degli informatori, per garantire che la persona che effettua la segnalazione non sia soggetta ad alcuna forma di ritorsione.<\/p><h5 data-start=\"1760\" data-end=\"1782\"><strong>Metodi di rendicontazione<\/strong><\/h5><p data-start=\"1783\" data-end=\"1976\">Le segnalazioni possono essere inoltrate attraverso una piattaforma dedicata &#8211; progettata per garantire, con metodi elettronici, la riservatezza dell&#8217;identit\u00e0 del whistleblower &#8211; disponibile al seguente link:<\/p>\t\t\t\t\t\t\t\t<\/div>\n\t\t\t\t<\/div>\n\t\t\t\t<div class=\"elementor-element elementor-element-28cd8e4 sc_fly_static elementor-widget elementor-widget-spacer\" data-id=\"28cd8e4\" data-element_type=\"widget\" data-widget_type=\"spacer.default\">\n\t\t\t\t<div class=\"elementor-widget-container\">\n\t\t\t\t\t\t\t<div class=\"elementor-spacer\">\n\t\t\t<div class=\"elementor-spacer-inner\"><\/div>\n\t\t<\/div>\n\t\t\t\t\t\t<\/div>\n\t\t\t\t<\/div>\n\t\t\t\t<div data-animation-type=\"block\" class=\"elementor-element elementor-element-82400e1 tech-button animation_type_block sc_fly_static elementor-invisible elementor-widget elementor-widget-trx_sc_button\" data-id=\"82400e1\" data-element_type=\"widget\" data-settings=\"{&quot;_animation&quot;:&quot;carz-fadeinup&quot;,&quot;_animation_delay&quot;:100}\" data-widget_type=\"trx_sc_button.default\">\n\t\t\t\t<div class=\"elementor-widget-container\">\n\t\t\t\t\t<div\tclass=\"sc_item_button sc_button_wrap sc_align_center\" ><a href=\"https:\/\/whistleblowing.dataservices.it\/TECHPOL\" class=\"sc_button sc_button_default sc_button_size_normal sc_button_icon_left\" target=\"_blank\" rel=\"noopener\"><span class=\"sc_button_text\"><span class=\"sc_button_title\">Report<\/span><\/span><\/a><\/div>\t\t\t\t<\/div>\n\t\t\t\t<\/div>\n\t\t\t\t<div class=\"elementor-element elementor-element-672aace sc_fly_static elementor-widget elementor-widget-spacer\" data-id=\"672aace\" data-element_type=\"widget\" data-widget_type=\"spacer.default\">\n\t\t\t\t<div class=\"elementor-widget-container\">\n\t\t\t\t\t\t\t<div class=\"elementor-spacer\">\n\t\t\t<div class=\"elementor-spacer-inner\"><\/div>\n\t\t<\/div>\n\t\t\t\t\t\t<\/div>\n\t\t\t\t<\/div>\n\t\t\t\t<div data-animation-type=\"block\" class=\"elementor-element elementor-element-e9582bb elementor-widget__width-inherit animation_type_block sc_fly_static elementor-invisible elementor-widget elementor-widget-text-editor\" data-id=\"e9582bb\" data-element_type=\"widget\" data-settings=\"{&quot;_animation&quot;:&quot;carz-fadein&quot;,&quot;_animation_delay&quot;:100}\" data-widget_type=\"text-editor.default\">\n\t\t\t\t<div class=\"elementor-widget-container\">\n\t\t\t\t\t\t\t\t\t<p data-start=\"1978\" data-end=\"2125\">Questo canale \u00e8 considerato preferenziale e idoneo a garantire, per via telematica, la riservatezza dell&#8217;identit\u00e0 del whistleblower.<\/p>\n<p data-start=\"2127\" data-end=\"2271\">Le segnalazioni saranno gestite dall&#8217;<strong data-start=\"2154\" data-end=\"2172\">Ufficio Whistleblowing presso la Studio Tecnico Ing.Francesco Cinotti<\/strong>, che fornisce al personale e ai professionisti autonomia e formazione specifica per la gestione delle segnalazioni.<\/p>\n<p data-start=\"2273\" data-end=\"2351\">In alternativa, le segnalazioni possono essere inviate anche attraverso i seguenti canali:<\/p>\n<ul data-start=\"2353\" data-end=\"2519\">\n<li data-start=\"2353\" data-end=\"2388\"><strong data-start=\"2355\" data-end=\"2367\">Per telefono<\/strong> al +39 335 5821943<\/li>\n<li data-start=\"2389\" data-end=\"2519\"><strong data-start=\"2391\" data-end=\"2417\">Presentando una segnalazione <\/strong>o <strong data-start=\"2421\" data-end=\"2450\">richiedendo un appuntamento<\/strong>&nbsp;in&nbsp;<strong data-start=\"2154\" data-end=\"2172\" style=\"font-family: Manrope, sans-serif; font-size: 17px; font-style: normal;\">via Malviano, 5, 60037 Monte San Vito Ancona (AN)<\/strong><\/li>\n<\/ul>\n<p data-start=\"2521\" data-end=\"2868\">Le segnalazioni, ove applicabili, potranno essere condivise anche con l&#8217;Organismo di Vigilanza della societ\u00e0, il Titolare del trattamento, in qualit\u00e0 di Soggetto Autorizzato al trattamento ai sensi dell&#8217;art. 29 del GDPR e dell&#8217;art. 2-quaterdecies del Codice della Privacy, e quindi soggetto ai medesimi obblighi di riservatezza previsti per il Responsabile della segnalazione.<\/p>\n<p data-start=\"2870\" data-end=\"2995\">Resta inteso che la condivisione dei dati personali sar\u00e0 limitata a quanto strettamente necessario per garantire la riservatezza.<\/p>\n<p data-start=\"2997\" data-end=\"3265\">Fermo restando l&#8217;utilizzo preferenziale dei canali di segnalazione messi a disposizione, nei casi tassativamente indicati dall&#8217;art. 6 del D.Lgs. 10 marzo 2023, n. 24, \u00e8 possibile presentare una segnalazione anche all&#8217;autorit\u00e0 competente in materia (ANAC).<\/p>\n<p data-start=\"3267\" data-end=\"3382\">Per ulteriori informazioni, compresi i dettagli su ci\u00f2 che pu\u00f2 essere segnalato, consultare la <a href=\"https:\/\/tech-pol.com\/wp-content\/uploads\/Proceudra-Whistleblowing.pdf\"><strong data-start=\"3351\" data-end=\"3379\">Procedura Whistleblowing<\/strong><\/a>:<\/p>\n<h5 data-start=\"3384\" data-end=\"3685\"><strong data-start=\"3384\" data-end=\"3412\">Procedura per le denunce<\/strong><\/h5>\n<p data-start=\"3384\" data-end=\"3685\">Le informazioni e i dati personali comunicati nell&#8217;ambito delle segnalazioni sono trattati per gestire e dare seguito alle segnalazioni, indagare sui comportamenti segnalati e adottare le misure necessarie in conformit\u00e0 alle leggi vigenti, comprese le norme sulla protezione dei dati.<\/p>\n<p data-start=\"3687\" data-end=\"3906\">Per ulteriori informazioni su come e perch\u00e9 vengono trattati i dati personali inclusi nelle segnalazioni e raccolti durante la procedura, si prega di consultare l&#8217;Informativa sulla <strong data-start=\"3834\" data-end=\"3870\">privacy sul Whistleblowing<\/strong>, disponibile al seguente link: Informativa sulla <a href=\"https:\/\/tech-pol.com\/wp-content\/uploads\/privacy-whistleblowing-2.pdf\"><strong data-start=\"3908\" data-end=\"3941\" data-is-last-node=\"\">privacy per il Whistleblowing<\/strong><\/a>.<\/p>\t\t\t\t\t\t\t\t<\/div>\n\t\t\t\t<\/div>\n\t\t\t\t<div class=\"elementor-element elementor-element-c51a539 sc_fly_static elementor-widget elementor-widget-spacer\" data-id=\"c51a539\" data-element_type=\"widget\" data-widget_type=\"spacer.default\">\n\t\t\t\t<div class=\"elementor-widget-container\">\n\t\t\t\t\t\t\t<div class=\"elementor-spacer\">\n\t\t\t<div class=\"elementor-spacer-inner\"><\/div>\n\t\t<\/div>\n\t\t\t\t\t\t<\/div>\n\t\t\t\t<\/div>\n\t\t\t\t\t<\/div>\n\t\t<\/div>\n\t\t\t\t\t<\/div>\n\t\t<\/section>\n\t\t\t\t<section class=\"elementor-section elementor-top-section elementor-element elementor-element-2af34dd elementor-section-boxed elementor-section-height-default elementor-section-height-default sc_fly_static\" data-id=\"2af34dd\" data-element_type=\"section\">\n\t\t\t\t\t\t<div class=\"elementor-container elementor-column-gap-extended\">\n\t\t\t\t\t<div class=\"elementor-column elementor-col-100 elementor-top-column elementor-element elementor-element-8da9a2f sc_content_align_inherit sc_layouts_column_icons_position_left sc_fly_static\" data-id=\"8da9a2f\" data-element_type=\"column\">\n\t\t\t<div class=\"elementor-widget-wrap elementor-element-populated\">\n\t\t\t\t\t\t<div class=\"elementor-element elementor-element-70db6da sc_height_huge sc_fly_static elementor-widget elementor-widget-spacer\" data-id=\"70db6da\" data-element_type=\"widget\" data-widget_type=\"spacer.default\">\n\t\t\t\t<div class=\"elementor-widget-container\">\n\t\t\t\t\t\t\t<div class=\"elementor-spacer\">\n\t\t\t<div class=\"elementor-spacer-inner\"><\/div>\n\t\t<\/div>\n\t\t\t\t\t\t<\/div>\n\t\t\t\t<\/div>\n\t\t\t\t\t<\/div>\n\t\t<\/div>\n\t\t\t\t\t<\/div>\n\t\t<\/section>\n\t\t\t\t<\/div>\n\t\t","protected":false},"excerpt":{"rendered":"<p>Whistleblowing Gestione dei rapporti Assicuriamo il ricevimento, la gestione, l&#8217;analisi e il trattamento delle segnalazioni,&hellip;<\/p>\n","protected":false},"author":1,"featured_media":11122,"parent":0,"menu_order":0,"comment_status":"closed","ping_status":"closed","template":"","meta":{"footnotes":""},"class_list":["post-11734","page","type-page","status-publish","has-post-thumbnail","hentry"],"_links":{"self":[{"href":"https:\/\/tech-pol.com\/it\/wp-json\/wp\/v2\/pages\/11734","targetHints":{"allow":["GET"]}}],"collection":[{"href":"https:\/\/tech-pol.com\/it\/wp-json\/wp\/v2\/pages"}],"about":[{"href":"https:\/\/tech-pol.com\/it\/wp-json\/wp\/v2\/types\/page"}],"author":[{"embeddable":true,"href":"https:\/\/tech-pol.com\/it\/wp-json\/wp\/v2\/users\/1"}],"replies":[{"embeddable":true,"href":"https:\/\/tech-pol.com\/it\/wp-json\/wp\/v2\/comments?post=11734"}],"version-history":[{"count":0,"href":"https:\/\/tech-pol.com\/it\/wp-json\/wp\/v2\/pages\/11734\/revisions"}],"wp:featuredmedia":[{"embeddable":true,"href":"https:\/\/tech-pol.com\/it\/wp-json\/wp\/v2\/media\/11122"}],"wp:attachment":[{"href":"https:\/\/tech-pol.com\/it\/wp-json\/wp\/v2\/media?parent=11734"}],"curies":[{"name":"wp","href":"https:\/\/api.w.org\/{rel}","templated":true}]}}